{"id":620,"date":"2016-09-13T14:55:05","date_gmt":"2016-09-13T18:55:05","guid":{"rendered":"http:\/\/simon.wps.dev\/fr\/mortgage-life-insurance\/"},"modified":"2017-01-14T22:55:35","modified_gmt":"2017-01-15T03:55:35","slug":"mortgage-life-insurance","status":"publish","type":"page","link":"https:\/\/amitg.ca\/fr\/mortgages\/mortgage-life-insurance\/","title":{"rendered":"\u00c0 PROPOS DE L&#8217;ASSURANCE-VIE HYPOTH\u00c9CAIRE"},"content":{"rendered":"<h3>Quelles personnes sont prot\u00e9g\u00e9es<\/h3>\n<p>L&#8217;assurance vie hypoth\u00e9caire est tout simplement une police d&#8217;assurance vie dont le d\u00e9tenteur est le propri\u00e9taire, laquelle permet \u00e0 sa famille ou aux personnes \u00e0 sa charge de payer l&#8217;hypoth\u00e8que de la maison si un \u00e9v\u00e9nement tragique devait arriver. Il ne faut pas confondre celle-ci avec l&#8217;assurance pr\u00eat hypoth\u00e9caire, dont les pr\u00eateurs ont besoin pour couvrir leurs actifs dans le cas o\u00f9 le propri\u00e9taire d\u00e9tient moins de 20 % de la valeur nette de la maison. L&#8217;assurance vie hypoth\u00e9caire permet de prot\u00e9ger la famille du propri\u00e9taire et non le pr\u00eateur hypoth\u00e9caire lui-m\u00eame.<\/p>\n<h3>Quel en est le co\u00fbt<\/h3>\n<p>Bien qu&#8217;il soit agr\u00e9able de penser que si vous d\u00e9c\u00e9dez, votre pr\u00eat hypoth\u00e9caire sera rembours\u00e9, est-il vraiment n\u00e9cessaire de payer pour ce service? Si vous disposez d\u00e9j\u00e0 suffisamment d&#8217;assurance vie, la r\u00e9ponse pourrait \u00eatre non.<\/p>\n<p>Cependant, si vous \u00eates le soutien principal de votre famille et que votre d\u00e9c\u00e8s devait priver vos proches des possibilit\u00e9s de payer l&#8217;hypoth\u00e8que, l&#8217;assurance vie hypoth\u00e9caire pourrait \u00eatre une bonne option.<\/p>\n<h3>Pour pr\u00e9senter une demande<\/h3>\n<p>Lorsque vous recherchez une police d&#8217;assurance vie hypoth\u00e9caire, vous devez vous assurer que la police sur laquelle vous arr\u00eaterez votre choix soit portable et qu&#8217;elle soit appuy\u00e9e par une importante organisation. Un courtier hypoth\u00e9caire pourra discuter avec vous de votre offre d\u2019assurance vie hypoth\u00e9caire. En \u00e9valuant ce dont vous avez vraiment besoin et les diff\u00e9rences en mati\u00e8re de protection et de co\u00fbt, il vous permettra de prendre la meilleure d\u00e9cision possible pour vous et vos proches.<\/p>\n<div id=\"request-panel\" class=\"clr\"><\/div>\n","protected":false},"excerpt":{"rendered":"<p>Les courtiers hypoth\u00e9caires peuvent vous r\u00e9f\u00e9rer une compagnie offrant uneprotection d\u2019assurance hypoth\u00e9caire, pouvant vous prot\u00e9ger ainsi que votre famille et ce, \u00e0 des co\u00fbts tr\u00e8s avantageux.<\/p>\n","protected":false},"author":1,"featured_media":507,"parent":629,"menu_order":0,"comment_status":"closed","ping_status":"closed","template":"","meta":[],"yoast_head":"<!-- This site is optimized with the Yoast SEO plugin v17.1 - https:\/\/yoast.com\/wordpress\/plugins\/seo\/ -->\n<meta name=\"robots\" content=\"index, follow, max-snippet:-1, max-image-preview:large, max-video-preview:-1\" \/>\n<link rel=\"canonical\" href=\"https:\/\/amitg.ca\/fr\/mortgages\/mortgage-life-insurance\/\" \/>\n<meta property=\"og:locale\" content=\"fr_FR\" \/>\n<meta property=\"og:type\" content=\"article\" \/>\n<meta property=\"og:title\" content=\"\u00c0 PROPOS DE L&#8217;ASSURANCE-VIE HYPOTH\u00c9CAIRE - Centres Hypoth\u00e9caires Dominion\" \/>\n<meta property=\"og:description\" content=\"Les courtiers hypoth\u00e9caires peuvent vous r\u00e9f\u00e9rer une compagnie offrant uneprotection d\u2019assurance hypoth\u00e9caire, pouvant vous prot\u00e9ger ainsi que votre famille et ce, \u00e0 des co\u00fbts tr\u00e8s avantageux.\" \/>\n<meta property=\"og:url\" content=\"https:\/\/amitg.ca\/fr\/mortgages\/mortgage-life-insurance\/\" \/>\n<meta property=\"og:site_name\" content=\"Centres Hypoth\u00e9caires Dominion\" \/>\n<meta property=\"article:modified_time\" content=\"2017-01-15T03:55:35+00:00\" \/>\n<meta property=\"og:image\" content=\"https:\/\/amitg.ca\/wp-content\/uploads\/2016\/09\/mortgage-life-insurance1.jpg\" \/>\n\t<meta property=\"og:image:width\" content=\"1200\" \/>\n\t<meta property=\"og:image:height\" content=\"611\" \/>\n<meta name=\"twitter:card\" content=\"summary\" \/>\n<meta name=\"twitter:label1\" content=\"Dur\u00e9e de lecture est.\" \/>\n\t<meta name=\"twitter:data1\" content=\"1 minute\" \/>\n<script type=\"application\/ld+json\" class=\"yoast-schema-graph\">{\"@context\":\"https:\/\/schema.org\",\"@graph\":[{\"@type\":\"Organization\",\"@id\":\"https:\/\/amitg.ca\/#organization\",\"name\":\"Centres Hypoth\\u00e9caires Dominion\",\"url\":\"https:\/\/amitg.ca\/\",\"sameAs\":[],\"logo\":{\"@type\":\"ImageObject\",\"@id\":\"https:\/\/amitg.ca\/#logo\",\"inLanguage\":\"fr-FR\",\"url\":\"http:\/\/master.wps.dlcserver.com\/wp-content\/uploads\/2017\/01\/vector_DLC1.jpg\",\"contentUrl\":\"http:\/\/master.wps.dlcserver.com\/wp-content\/uploads\/2017\/01\/vector_DLC1.jpg\",\"width\":369,\"height\":173,\"caption\":\"Centres Hypoth\\u00e9caires Dominion\"},\"image\":{\"@id\":\"https:\/\/amitg.ca\/#logo\"}},{\"@type\":\"WebSite\",\"@id\":\"https:\/\/amitg.ca\/#website\",\"url\":\"https:\/\/amitg.ca\/\",\"name\":\"Centres Hypoth\\u00e9caires Dominion\",\"description\":\"Just another WordPress site\",\"publisher\":{\"@id\":\"https:\/\/amitg.ca\/#organization\"},\"potentialAction\":[{\"@type\":\"SearchAction\",\"target\":{\"@type\":\"EntryPoint\",\"urlTemplate\":\"https:\/\/amitg.ca\/?s={search_term_string}\"},\"query-input\":\"required name=search_term_string\"}],\"inLanguage\":\"fr-FR\"},{\"@type\":\"ImageObject\",\"@id\":\"https:\/\/amitg.ca\/fr\/mortgages\/mortgage-life-insurance\/#primaryimage\",\"inLanguage\":\"fr-FR\",\"url\":\"https:\/\/amitg.ca\/wp-content\/uploads\/2016\/09\/mortgage-life-insurance1.jpg\",\"contentUrl\":\"https:\/\/amitg.ca\/wp-content\/uploads\/2016\/09\/mortgage-life-insurance1.jpg\",\"width\":1200,\"height\":611},{\"@type\":\"WebPage\",\"@id\":\"https:\/\/amitg.ca\/fr\/mortgages\/mortgage-life-insurance\/#webpage\",\"url\":\"https:\/\/amitg.ca\/fr\/mortgages\/mortgage-life-insurance\/\",\"name\":\"\\u00c0 PROPOS DE L&#8217;ASSURANCE-VIE HYPOTH\\u00c9CAIRE - Centres Hypoth\\u00e9caires Dominion\",\"isPartOf\":{\"@id\":\"https:\/\/amitg.ca\/#website\"},\"primaryImageOfPage\":{\"@id\":\"https:\/\/amitg.ca\/fr\/mortgages\/mortgage-life-insurance\/#primaryimage\"},\"datePublished\":\"2016-09-13T18:55:05+00:00\",\"dateModified\":\"2017-01-15T03:55:35+00:00\",\"breadcrumb\":{\"@id\":\"https:\/\/amitg.ca\/fr\/mortgages\/mortgage-life-insurance\/#breadcrumb\"},\"inLanguage\":\"fr-FR\",\"potentialAction\":[{\"@type\":\"ReadAction\",\"target\":[\"https:\/\/amitg.ca\/fr\/mortgages\/mortgage-life-insurance\/\"]}]},{\"@type\":\"BreadcrumbList\",\"@id\":\"https:\/\/amitg.ca\/fr\/mortgages\/mortgage-life-insurance\/#breadcrumb\",\"itemListElement\":[{\"@type\":\"ListItem\",\"position\":1,\"name\":\"Home\",\"item\":\"https:\/\/amitg.ca\/fr\/\"},{\"@type\":\"ListItem\",\"position\":2,\"name\":\"Mortgages\",\"item\":\"https:\/\/amitg.ca\/fr\/mortgages\/\"},{\"@type\":\"ListItem\",\"position\":3,\"name\":\"\\u00c0 PROPOS DE L&#8217;ASSURANCE-VIE HYPOTH\\u00c9CAIRE\"}]}]}<\/script>\n<!-- \/ Yoast SEO plugin. -->","yoast_head_json":{"robots":{"index":"index","follow":"follow","max-snippet":"max-snippet:-1","max-image-preview":"max-image-preview:large","max-video-preview":"max-video-preview:-1"},"canonical":"https:\/\/amitg.ca\/fr\/mortgages\/mortgage-life-insurance\/","og_locale":"fr_FR","og_type":"article","og_title":"\u00c0 PROPOS DE L&#8217;ASSURANCE-VIE HYPOTH\u00c9CAIRE - Centres Hypoth\u00e9caires Dominion","og_description":"Les courtiers hypoth\u00e9caires peuvent vous r\u00e9f\u00e9rer une compagnie offrant uneprotection d\u2019assurance hypoth\u00e9caire, pouvant vous prot\u00e9ger ainsi que votre famille et ce, \u00e0 des co\u00fbts tr\u00e8s avantageux.","og_url":"https:\/\/amitg.ca\/fr\/mortgages\/mortgage-life-insurance\/","og_site_name":"Centres Hypoth\u00e9caires Dominion","article_modified_time":"2017-01-15T03:55:35+00:00","og_image":[{"width":1200,"height":611,"url":"https:\/\/amitg.ca\/wp-content\/uploads\/2016\/09\/mortgage-life-insurance1.jpg","path":"\/var\/www\/sites\/wps\/sites\/code\/wp-content\/uploads\/2016\/09\/mortgage-life-insurance1.jpg","size":"full","id":507,"alt":"","pixels":733200,"type":"image\/jpeg"}],"twitter_card":"summary","twitter_misc":{"Dur\u00e9e de lecture est.":"1 minute"},"schema":{"@context":"https:\/\/schema.org","@graph":[{"@type":"Organization","@id":"https:\/\/amitg.ca\/#organization","name":"Centres Hypoth\u00e9caires Dominion","url":"https:\/\/amitg.ca\/","sameAs":[],"logo":{"@type":"ImageObject","@id":"https:\/\/amitg.ca\/#logo","inLanguage":"fr-FR","url":"http:\/\/master.wps.dlcserver.com\/wp-content\/uploads\/2017\/01\/vector_DLC1.jpg","contentUrl":"http:\/\/master.wps.dlcserver.com\/wp-content\/uploads\/2017\/01\/vector_DLC1.jpg","width":369,"height":173,"caption":"Centres Hypoth\u00e9caires Dominion"},"image":{"@id":"https:\/\/amitg.ca\/#logo"}},{"@type":"WebSite","@id":"https:\/\/amitg.ca\/#website","url":"https:\/\/amitg.ca\/","name":"Centres Hypoth\u00e9caires Dominion","description":"Just another WordPress site","publisher":{"@id":"https:\/\/amitg.ca\/#organization"},"potentialAction":[{"@type":"SearchAction","target":{"@type":"EntryPoint","urlTemplate":"https:\/\/amitg.ca\/?s={search_term_string}"},"query-input":"required name=search_term_string"}],"inLanguage":"fr-FR"},{"@type":"ImageObject","@id":"https:\/\/amitg.ca\/fr\/mortgages\/mortgage-life-insurance\/#primaryimage","inLanguage":"fr-FR","url":"https:\/\/amitg.ca\/wp-content\/uploads\/2016\/09\/mortgage-life-insurance1.jpg","contentUrl":"https:\/\/amitg.ca\/wp-content\/uploads\/2016\/09\/mortgage-life-insurance1.jpg","width":1200,"height":611},{"@type":"WebPage","@id":"https:\/\/amitg.ca\/fr\/mortgages\/mortgage-life-insurance\/#webpage","url":"https:\/\/amitg.ca\/fr\/mortgages\/mortgage-life-insurance\/","name":"\u00c0 PROPOS DE L&#8217;ASSURANCE-VIE HYPOTH\u00c9CAIRE - Centres Hypoth\u00e9caires Dominion","isPartOf":{"@id":"https:\/\/amitg.ca\/#website"},"primaryImageOfPage":{"@id":"https:\/\/amitg.ca\/fr\/mortgages\/mortgage-life-insurance\/#primaryimage"},"datePublished":"2016-09-13T18:55:05+00:00","dateModified":"2017-01-15T03:55:35+00:00","breadcrumb":{"@id":"https:\/\/amitg.ca\/fr\/mortgages\/mortgage-life-insurance\/#breadcrumb"},"inLanguage":"fr-FR","potentialAction":[{"@type":"ReadAction","target":["https:\/\/amitg.ca\/fr\/mortgages\/mortgage-life-insurance\/"]}]},{"@type":"BreadcrumbList","@id":"https:\/\/amitg.ca\/fr\/mortgages\/mortgage-life-insurance\/#breadcrumb","itemListElement":[{"@type":"ListItem","position":1,"name":"Home","item":"https:\/\/amitg.ca\/fr\/"},{"@type":"ListItem","position":2,"name":"Mortgages","item":"https:\/\/amitg.ca\/fr\/mortgages\/"},{"@type":"ListItem","position":3,"name":"\u00c0 PROPOS DE L&#8217;ASSURANCE-VIE HYPOTH\u00c9CAIRE"}]}]}},"_links":{"self":[{"href":"https:\/\/amitg.ca\/fr\/wp-json\/wp\/v2\/pages\/620"}],"collection":[{"href":"https:\/\/amitg.ca\/fr\/wp-json\/wp\/v2\/pages"}],"about":[{"href":"https:\/\/amitg.ca\/fr\/wp-json\/wp\/v2\/types\/page"}],"author":[{"embeddable":true,"href":"https:\/\/amitg.ca\/fr\/wp-json\/wp\/v2\/users\/1"}],"replies":[{"embeddable":true,"href":"https:\/\/amitg.ca\/fr\/wp-json\/wp\/v2\/comments?post=620"}],"version-history":[{"count":2,"href":"https:\/\/amitg.ca\/fr\/wp-json\/wp\/v2\/pages\/620\/revisions"}],"predecessor-version":[{"id":929,"href":"https:\/\/amitg.ca\/fr\/wp-json\/wp\/v2\/pages\/620\/revisions\/929"}],"up":[{"embeddable":true,"href":"https:\/\/amitg.ca\/fr\/wp-json\/wp\/v2\/pages\/629"}],"wp:featuredmedia":[{"embeddable":true,"href":"https:\/\/amitg.ca\/fr\/wp-json\/wp\/v2\/media\/507"}],"wp:attachment":[{"href":"https:\/\/amitg.ca\/fr\/wp-json\/wp\/v2\/media?parent=620"}],"curies":[{"name":"wp","href":"https:\/\/api.w.org\/{rel}","templated":true}]}}