{"id":622,"date":"2016-09-13T14:54:27","date_gmt":"2016-09-13T18:54:27","guid":{"rendered":"http:\/\/simon.wps.dev\/fr\/mortgage-renewal\/"},"modified":"2018-10-16T20:07:36","modified_gmt":"2018-10-17T00:07:36","slug":"mortgage-renewal","status":"publish","type":"page","link":"https:\/\/amitg.ca\/fr\/mortgages\/mortgage-renewal\/","title":{"rendered":"RENOUVELLEMENT DE SON HYPOTH\u00c8QUE"},"content":{"rendered":"<blockquote>\n<p>En n&#8217;accordant pas suffisamment d&#8217;attention \u00e0 leur p\u00e9riode de renouvellement, les citoyens canadiens perdent des milliers de dollars chaque ann\u00e9e. Pr\u00e8s de 60 % des emprunteurs signent et retournent simplement leur formulaire de renouvellement envoy\u00e9 en premier lieu par leur pr\u00eateur, sans jamais magasiner pour un taux d&#8217;int\u00e9r\u00eat plus favorable.<\/p>\n<\/blockquote>\n<p>Les propri\u00e9taires ne doivent jamais accepter le taux de renouvellement qui leur est propos\u00e9 initialement par leur pr\u00eateur actuel. En signant simplement leur formulaire de renouvellement au taux du march\u00e9 sans engager de n\u00e9gociation, ils \u00ab gaspillent \u00bb inutilement beaucoup d&#8217;argent sur leur pr\u00eat hypoth\u00e9caire.<\/p>\n<p>Il leur serait g\u00e9n\u00e9ralement pr\u00e9f\u00e9rable de commencer \u00e0 magasiner pour le renouvellement de leur pr\u00eat hypoth\u00e9caire entre quatre et six mois avant la fin de la dur\u00e9e de leur pr\u00e9sent contrat hypoth\u00e9caire. Comme beaucoup de pr\u00eateurs acheminent leur formulaire de renouvellement vers la toute fin de la dur\u00e9e de votre contrat hypoth\u00e9caire, vous ne disposez habituellement pas de suffisamment de temps pour n\u00e9gocier le renouvellement de votre pr\u00eat hypoth\u00e9caire aupr\u00e8s d&#8217;un autre pr\u00eateur. Il vous incombe donc de suivre vous-m\u00eame le calendrier de dur\u00e9e de votre pr\u00eat hypoth\u00e9caire afin d&#8217;identifier la p\u00e9riode o\u00f9 vous devez commencer \u00e0 magasiner pour le taux qui convient, dans le cadre du renouvellement de votre pr\u00eat hypoth\u00e9caire.<\/p>\n<p>Avant de renouveler votre hypoth\u00e8que aupr\u00e8s de votre institution financi\u00e8re, demandez \u00e0 un courtier hypoth\u00e9caire ce qu\u2019il peut faire pour vous.<\/p>\n<p>Votre pr\u00eat hypoth\u00e9caire est l\u2019une des d\u00e9penses les plus importantes que vous aurez \u00e0 assumer. Alors, il est imp\u00e9ratif que vous trouviez les meilleurs taux d\u2019int\u00e9r\u00eat et les meilleures conditions hypoth\u00e9caires possibles. En magasinant ailleurs d\u2019autres options, avant l\u2019arriv\u00e9e \u00e0 expiration de votre renouvellement, vous pourrez \u00e9conomiser des montants substantiels pendant toute la dur\u00e9e de votre pr\u00eat hypoth\u00e9caire. Ne faites pas partie des 60 % de gens qui signent tout simplement leur formulaire de renouvellement et le retournent. Utilisez les services d\u2019un courtier hypoth\u00e9caire des Centres Hypoth\u00e9caires Dominion pour vous assurer d\u2019obtenir le meilleur produit hypoth\u00e9caire selon vos besoins!<\/p>\n","protected":false},"excerpt":{"rendered":"<p>Si la plupart des Canadiens consacrent beaucoup de temps et d&#8217;\u00e9nergie \u00e0 magasiner pour leur pr\u00eat hypoth\u00e9caire initial, ce n&#8217;est g\u00e9n\u00e9ralement pas le cas lorsqu&#8217;ils renouvellent la dur\u00e9e de leur hypoth\u00e8que.<\/p>\n","protected":false},"author":1,"featured_media":513,"parent":629,"menu_order":0,"comment_status":"closed","ping_status":"closed","template":"","meta":[],"yoast_head":"<!-- This site is optimized with the Yoast SEO plugin v17.1 - https:\/\/yoast.com\/wordpress\/plugins\/seo\/ -->\n<meta name=\"robots\" content=\"index, follow, max-snippet:-1, max-image-preview:large, max-video-preview:-1\" \/>\n<link rel=\"canonical\" href=\"https:\/\/amitg.ca\/fr\/mortgages\/mortgage-renewal\/\" \/>\n<meta property=\"og:locale\" content=\"fr_FR\" \/>\n<meta property=\"og:type\" content=\"article\" \/>\n<meta property=\"og:title\" content=\"RENOUVELLEMENT DE SON HYPOTH\u00c8QUE - Centres Hypoth\u00e9caires Dominion\" \/>\n<meta property=\"og:description\" content=\"Si la plupart des Canadiens consacrent beaucoup de temps et d&#8217;\u00e9nergie \u00e0 magasiner pour leur pr\u00eat hypoth\u00e9caire initial, ce n&#8217;est g\u00e9n\u00e9ralement pas le cas lorsqu&#8217;ils renouvellent la dur\u00e9e de leur hypoth\u00e8que.\" \/>\n<meta property=\"og:url\" content=\"https:\/\/amitg.ca\/fr\/mortgages\/mortgage-renewal\/\" \/>\n<meta property=\"og:site_name\" content=\"Centres Hypoth\u00e9caires Dominion\" \/>\n<meta property=\"article:modified_time\" content=\"2018-10-17T00:07:36+00:00\" \/>\n<meta property=\"og:image\" content=\"https:\/\/amitg.ca\/wp-content\/uploads\/2016\/09\/renewal.jpg\" \/>\n\t<meta property=\"og:image:width\" content=\"1200\" \/>\n\t<meta property=\"og:image:height\" content=\"611\" \/>\n<meta name=\"twitter:card\" content=\"summary\" \/>\n<meta name=\"twitter:label1\" content=\"Dur\u00e9e de lecture est.\" \/>\n\t<meta name=\"twitter:data1\" content=\"2 minutes\" \/>\n<script type=\"application\/ld+json\" class=\"yoast-schema-graph\">{\"@context\":\"https:\/\/schema.org\",\"@graph\":[{\"@type\":\"Organization\",\"@id\":\"https:\/\/amitg.ca\/#organization\",\"name\":\"Centres Hypoth\\u00e9caires Dominion\",\"url\":\"https:\/\/amitg.ca\/\",\"sameAs\":[],\"logo\":{\"@type\":\"ImageObject\",\"@id\":\"https:\/\/amitg.ca\/#logo\",\"inLanguage\":\"fr-FR\",\"url\":\"http:\/\/master.wps.dlcserver.com\/wp-content\/uploads\/2017\/01\/vector_DLC1.jpg\",\"contentUrl\":\"http:\/\/master.wps.dlcserver.com\/wp-content\/uploads\/2017\/01\/vector_DLC1.jpg\",\"width\":369,\"height\":173,\"caption\":\"Centres Hypoth\\u00e9caires Dominion\"},\"image\":{\"@id\":\"https:\/\/amitg.ca\/#logo\"}},{\"@type\":\"WebSite\",\"@id\":\"https:\/\/amitg.ca\/#website\",\"url\":\"https:\/\/amitg.ca\/\",\"name\":\"Centres Hypoth\\u00e9caires Dominion\",\"description\":\"Just another WordPress site\",\"publisher\":{\"@id\":\"https:\/\/amitg.ca\/#organization\"},\"potentialAction\":[{\"@type\":\"SearchAction\",\"target\":{\"@type\":\"EntryPoint\",\"urlTemplate\":\"https:\/\/amitg.ca\/?s={search_term_string}\"},\"query-input\":\"required name=search_term_string\"}],\"inLanguage\":\"fr-FR\"},{\"@type\":\"ImageObject\",\"@id\":\"https:\/\/amitg.ca\/fr\/mortgages\/mortgage-renewal\/#primaryimage\",\"inLanguage\":\"fr-FR\",\"url\":\"https:\/\/amitg.ca\/wp-content\/uploads\/2016\/09\/renewal.jpg\",\"contentUrl\":\"https:\/\/amitg.ca\/wp-content\/uploads\/2016\/09\/renewal.jpg\",\"width\":1200,\"height\":611},{\"@type\":\"WebPage\",\"@id\":\"https:\/\/amitg.ca\/fr\/mortgages\/mortgage-renewal\/#webpage\",\"url\":\"https:\/\/amitg.ca\/fr\/mortgages\/mortgage-renewal\/\",\"name\":\"RENOUVELLEMENT DE SON HYPOTH\\u00c8QUE - Centres Hypoth\\u00e9caires Dominion\",\"isPartOf\":{\"@id\":\"https:\/\/amitg.ca\/#website\"},\"primaryImageOfPage\":{\"@id\":\"https:\/\/amitg.ca\/fr\/mortgages\/mortgage-renewal\/#primaryimage\"},\"datePublished\":\"2016-09-13T18:54:27+00:00\",\"dateModified\":\"2018-10-17T00:07:36+00:00\",\"breadcrumb\":{\"@id\":\"https:\/\/amitg.ca\/fr\/mortgages\/mortgage-renewal\/#breadcrumb\"},\"inLanguage\":\"fr-FR\",\"potentialAction\":[{\"@type\":\"ReadAction\",\"target\":[\"https:\/\/amitg.ca\/fr\/mortgages\/mortgage-renewal\/\"]}]},{\"@type\":\"BreadcrumbList\",\"@id\":\"https:\/\/amitg.ca\/fr\/mortgages\/mortgage-renewal\/#breadcrumb\",\"itemListElement\":[{\"@type\":\"ListItem\",\"position\":1,\"name\":\"Home\",\"item\":\"https:\/\/amitg.ca\/fr\/\"},{\"@type\":\"ListItem\",\"position\":2,\"name\":\"Mortgages\",\"item\":\"https:\/\/amitg.ca\/fr\/mortgages\/\"},{\"@type\":\"ListItem\",\"position\":3,\"name\":\"RENOUVELLEMENT DE SON HYPOTH\\u00c8QUE\"}]}]}<\/script>\n<!-- \/ Yoast SEO plugin. -->","yoast_head_json":{"robots":{"index":"index","follow":"follow","max-snippet":"max-snippet:-1","max-image-preview":"max-image-preview:large","max-video-preview":"max-video-preview:-1"},"canonical":"https:\/\/amitg.ca\/fr\/mortgages\/mortgage-renewal\/","og_locale":"fr_FR","og_type":"article","og_title":"RENOUVELLEMENT DE SON HYPOTH\u00c8QUE - Centres Hypoth\u00e9caires Dominion","og_description":"Si la plupart des Canadiens consacrent beaucoup de temps et d&#8217;\u00e9nergie \u00e0 magasiner pour leur pr\u00eat hypoth\u00e9caire initial, ce n&#8217;est g\u00e9n\u00e9ralement pas le cas lorsqu&#8217;ils renouvellent la dur\u00e9e de leur hypoth\u00e8que.","og_url":"https:\/\/amitg.ca\/fr\/mortgages\/mortgage-renewal\/","og_site_name":"Centres Hypoth\u00e9caires Dominion","article_modified_time":"2018-10-17T00:07:36+00:00","og_image":[{"width":1200,"height":611,"url":"https:\/\/amitg.ca\/wp-content\/uploads\/2016\/09\/renewal.jpg","path":"\/var\/www\/sites\/wps\/sites\/code\/wp-content\/uploads\/2016\/09\/renewal.jpg","size":"full","id":513,"alt":"","pixels":733200,"type":"image\/jpeg"}],"twitter_card":"summary","twitter_misc":{"Dur\u00e9e de lecture est.":"2 minutes"},"schema":{"@context":"https:\/\/schema.org","@graph":[{"@type":"Organization","@id":"https:\/\/amitg.ca\/#organization","name":"Centres Hypoth\u00e9caires Dominion","url":"https:\/\/amitg.ca\/","sameAs":[],"logo":{"@type":"ImageObject","@id":"https:\/\/amitg.ca\/#logo","inLanguage":"fr-FR","url":"http:\/\/master.wps.dlcserver.com\/wp-content\/uploads\/2017\/01\/vector_DLC1.jpg","contentUrl":"http:\/\/master.wps.dlcserver.com\/wp-content\/uploads\/2017\/01\/vector_DLC1.jpg","width":369,"height":173,"caption":"Centres Hypoth\u00e9caires Dominion"},"image":{"@id":"https:\/\/amitg.ca\/#logo"}},{"@type":"WebSite","@id":"https:\/\/amitg.ca\/#website","url":"https:\/\/amitg.ca\/","name":"Centres Hypoth\u00e9caires Dominion","description":"Just another WordPress site","publisher":{"@id":"https:\/\/amitg.ca\/#organization"},"potentialAction":[{"@type":"SearchAction","target":{"@type":"EntryPoint","urlTemplate":"https:\/\/amitg.ca\/?s={search_term_string}"},"query-input":"required name=search_term_string"}],"inLanguage":"fr-FR"},{"@type":"ImageObject","@id":"https:\/\/amitg.ca\/fr\/mortgages\/mortgage-renewal\/#primaryimage","inLanguage":"fr-FR","url":"https:\/\/amitg.ca\/wp-content\/uploads\/2016\/09\/renewal.jpg","contentUrl":"https:\/\/amitg.ca\/wp-content\/uploads\/2016\/09\/renewal.jpg","width":1200,"height":611},{"@type":"WebPage","@id":"https:\/\/amitg.ca\/fr\/mortgages\/mortgage-renewal\/#webpage","url":"https:\/\/amitg.ca\/fr\/mortgages\/mortgage-renewal\/","name":"RENOUVELLEMENT DE SON HYPOTH\u00c8QUE - Centres Hypoth\u00e9caires Dominion","isPartOf":{"@id":"https:\/\/amitg.ca\/#website"},"primaryImageOfPage":{"@id":"https:\/\/amitg.ca\/fr\/mortgages\/mortgage-renewal\/#primaryimage"},"datePublished":"2016-09-13T18:54:27+00:00","dateModified":"2018-10-17T00:07:36+00:00","breadcrumb":{"@id":"https:\/\/amitg.ca\/fr\/mortgages\/mortgage-renewal\/#breadcrumb"},"inLanguage":"fr-FR","potentialAction":[{"@type":"ReadAction","target":["https:\/\/amitg.ca\/fr\/mortgages\/mortgage-renewal\/"]}]},{"@type":"BreadcrumbList","@id":"https:\/\/amitg.ca\/fr\/mortgages\/mortgage-renewal\/#breadcrumb","itemListElement":[{"@type":"ListItem","position":1,"name":"Home","item":"https:\/\/amitg.ca\/fr\/"},{"@type":"ListItem","position":2,"name":"Mortgages","item":"https:\/\/amitg.ca\/fr\/mortgages\/"},{"@type":"ListItem","position":3,"name":"RENOUVELLEMENT DE SON HYPOTH\u00c8QUE"}]}]}},"_links":{"self":[{"href":"https:\/\/amitg.ca\/fr\/wp-json\/wp\/v2\/pages\/622"}],"collection":[{"href":"https:\/\/amitg.ca\/fr\/wp-json\/wp\/v2\/pages"}],"about":[{"href":"https:\/\/amitg.ca\/fr\/wp-json\/wp\/v2\/types\/page"}],"author":[{"embeddable":true,"href":"https:\/\/amitg.ca\/fr\/wp-json\/wp\/v2\/users\/1"}],"replies":[{"embeddable":true,"href":"https:\/\/amitg.ca\/fr\/wp-json\/wp\/v2\/comments?post=622"}],"version-history":[{"count":5,"href":"https:\/\/amitg.ca\/fr\/wp-json\/wp\/v2\/pages\/622\/revisions"}],"predecessor-version":[{"id":1298,"href":"https:\/\/amitg.ca\/fr\/wp-json\/wp\/v2\/pages\/622\/revisions\/1298"}],"up":[{"embeddable":true,"href":"https:\/\/amitg.ca\/fr\/wp-json\/wp\/v2\/pages\/629"}],"wp:featuredmedia":[{"embeddable":true,"href":"https:\/\/amitg.ca\/fr\/wp-json\/wp\/v2\/media\/513"}],"wp:attachment":[{"href":"https:\/\/amitg.ca\/fr\/wp-json\/wp\/v2\/media?parent=622"}],"curies":[{"name":"wp","href":"https:\/\/api.w.org\/{rel}","templated":true}]}}