{"id":624,"date":"2016-09-13T14:53:24","date_gmt":"2016-09-13T18:53:24","guid":{"rendered":"http:\/\/simon.wps.dev\/fr\/benefits-of-using-a-mortgage-professional\/"},"modified":"2018-10-16T15:34:43","modified_gmt":"2018-10-16T19:34:43","slug":"benefits-of-using-a-mortgage-professional","status":"publish","type":"page","link":"https:\/\/amitg.ca\/fr\/mortgages\/benefits-of-using-a-mortgage-professional\/","title":{"rendered":"POURQUOI UTILISER LES SERVICES D\u2019UN COURTIER HYPOTH\u00c9CAIRE?"},"content":{"rendered":"<blockquote>\n<p>Alors qu\u2019une institution financi\u00e8re offre uniquement des produits qui lui sont propres, les courtiers hypoth\u00e9caires acheminent chaque ann\u00e9e des millions de dollars en cr\u00e9dit hypoth\u00e9caire vers les plus grandes banques, coop\u00e9ratives de cr\u00e9dit, soci\u00e9t\u00e9s de fiducie et institutions financi\u00e8res du Canada. Ils offrent \u00e0 leurs clients un meilleur choix et un meilleur acc\u00e8s \u00e0 des centaines de produits hypoth\u00e9caires! Ces derniers peuvent donc avoir la certitude de b\u00e9n\u00e9ficier, en toute s\u00e9curit\u00e9, du meilleur pr\u00eat hypoth\u00e9caire r\u00e9pondant \u00e0 leurs besoins!<\/p>\n<\/blockquote>\n<div class=\"videoWrapper\">\n<iframe loading=\"lazy\" width=\"640\" height=\"360\" src=\"https:\/\/www.youtube.com\/embed\/x06jfkApywQ?rel=0\" frameborder=\"0\" allowfullscreen><\/iframe>\n<\/div>\n<p>Que vous soyez l&#8217;acheteur d&#8217;une premi\u00e8re maison, que vous d\u00e9siriez emprunter sur la valeur nette de votre propri\u00e9t\u00e9 (votre avoir propre foncier) \u00e0 des fins d&#8217;investissement ou de loisir, ou que votre hypoth\u00e8que actuelle arrive simplement \u00e0 expiration, il vous faut prendre une d\u00e9cision \u00e9clair\u00e9e aupr\u00e8s d&#8217;un conseiller impartial.<\/p>\n","protected":false},"excerpt":{"rendered":"<p>Il existe g\u00e9n\u00e9ralement deux fa\u00e7ons d\u2019obtenir un pr\u00eat hypoth\u00e9caire au Canada : aupr\u00e8s d\u2019une institution financi\u00e8re ou aupr\u00e8s d\u2019un courtier hypoth\u00e9caire.<\/p>\n","protected":false},"author":1,"featured_media":503,"parent":629,"menu_order":0,"comment_status":"closed","ping_status":"closed","template":"","meta":[],"yoast_head":"<!-- This site is optimized with the Yoast SEO plugin v17.1 - https:\/\/yoast.com\/wordpress\/plugins\/seo\/ -->\n<meta name=\"robots\" content=\"index, follow, max-snippet:-1, max-image-preview:large, max-video-preview:-1\" \/>\n<link rel=\"canonical\" href=\"https:\/\/amitg.ca\/fr\/mortgages\/benefits-of-using-a-mortgage-professional\/\" \/>\n<meta property=\"og:locale\" content=\"fr_FR\" \/>\n<meta property=\"og:type\" content=\"article\" \/>\n<meta property=\"og:title\" content=\"POURQUOI UTILISER LES SERVICES D\u2019UN COURTIER HYPOTH\u00c9CAIRE? - Centres Hypoth\u00e9caires Dominion\" \/>\n<meta property=\"og:description\" content=\"Il existe g\u00e9n\u00e9ralement deux fa\u00e7ons d\u2019obtenir un pr\u00eat hypoth\u00e9caire au Canada : aupr\u00e8s d\u2019une institution financi\u00e8re ou aupr\u00e8s d\u2019un courtier hypoth\u00e9caire.\" \/>\n<meta property=\"og:url\" content=\"https:\/\/amitg.ca\/fr\/mortgages\/benefits-of-using-a-mortgage-professional\/\" \/>\n<meta property=\"og:site_name\" content=\"Centres Hypoth\u00e9caires Dominion\" \/>\n<meta property=\"article:modified_time\" content=\"2018-10-16T19:34:43+00:00\" \/>\n<meta property=\"og:image\" content=\"https:\/\/amitg.ca\/wp-content\/uploads\/2016\/09\/benefits-of-using-a-mortgage-professional.png\" \/>\n\t<meta property=\"og:image:width\" content=\"1200\" \/>\n\t<meta property=\"og:image:height\" content=\"611\" \/>\n<meta name=\"twitter:card\" content=\"summary\" \/>\n<meta name=\"twitter:label1\" content=\"Dur\u00e9e de lecture est.\" \/>\n\t<meta name=\"twitter:data1\" content=\"1 minute\" \/>\n<script type=\"application\/ld+json\" class=\"yoast-schema-graph\">{\"@context\":\"https:\/\/schema.org\",\"@graph\":[{\"@type\":\"Organization\",\"@id\":\"https:\/\/amitg.ca\/#organization\",\"name\":\"Centres Hypoth\\u00e9caires Dominion\",\"url\":\"https:\/\/amitg.ca\/\",\"sameAs\":[],\"logo\":{\"@type\":\"ImageObject\",\"@id\":\"https:\/\/amitg.ca\/#logo\",\"inLanguage\":\"fr-FR\",\"url\":\"http:\/\/master.wps.dlcserver.com\/wp-content\/uploads\/2017\/01\/vector_DLC1.jpg\",\"contentUrl\":\"http:\/\/master.wps.dlcserver.com\/wp-content\/uploads\/2017\/01\/vector_DLC1.jpg\",\"width\":369,\"height\":173,\"caption\":\"Centres Hypoth\\u00e9caires Dominion\"},\"image\":{\"@id\":\"https:\/\/amitg.ca\/#logo\"}},{\"@type\":\"WebSite\",\"@id\":\"https:\/\/amitg.ca\/#website\",\"url\":\"https:\/\/amitg.ca\/\",\"name\":\"Centres Hypoth\\u00e9caires Dominion\",\"description\":\"Just another WordPress site\",\"publisher\":{\"@id\":\"https:\/\/amitg.ca\/#organization\"},\"potentialAction\":[{\"@type\":\"SearchAction\",\"target\":{\"@type\":\"EntryPoint\",\"urlTemplate\":\"https:\/\/amitg.ca\/?s={search_term_string}\"},\"query-input\":\"required name=search_term_string\"}],\"inLanguage\":\"fr-FR\"},{\"@type\":\"ImageObject\",\"@id\":\"https:\/\/amitg.ca\/fr\/mortgages\/benefits-of-using-a-mortgage-professional\/#primaryimage\",\"inLanguage\":\"fr-FR\",\"url\":\"https:\/\/amitg.ca\/wp-content\/uploads\/2016\/09\/benefits-of-using-a-mortgage-professional.png\",\"contentUrl\":\"https:\/\/amitg.ca\/wp-content\/uploads\/2016\/09\/benefits-of-using-a-mortgage-professional.png\",\"width\":1200,\"height\":611},{\"@type\":\"WebPage\",\"@id\":\"https:\/\/amitg.ca\/fr\/mortgages\/benefits-of-using-a-mortgage-professional\/#webpage\",\"url\":\"https:\/\/amitg.ca\/fr\/mortgages\/benefits-of-using-a-mortgage-professional\/\",\"name\":\"POURQUOI UTILISER LES SERVICES D\\u2019UN COURTIER HYPOTH\\u00c9CAIRE? - Centres Hypoth\\u00e9caires Dominion\",\"isPartOf\":{\"@id\":\"https:\/\/amitg.ca\/#website\"},\"primaryImageOfPage\":{\"@id\":\"https:\/\/amitg.ca\/fr\/mortgages\/benefits-of-using-a-mortgage-professional\/#primaryimage\"},\"datePublished\":\"2016-09-13T18:53:24+00:00\",\"dateModified\":\"2018-10-16T19:34:43+00:00\",\"breadcrumb\":{\"@id\":\"https:\/\/amitg.ca\/fr\/mortgages\/benefits-of-using-a-mortgage-professional\/#breadcrumb\"},\"inLanguage\":\"fr-FR\",\"potentialAction\":[{\"@type\":\"ReadAction\",\"target\":[\"https:\/\/amitg.ca\/fr\/mortgages\/benefits-of-using-a-mortgage-professional\/\"]}]},{\"@type\":\"BreadcrumbList\",\"@id\":\"https:\/\/amitg.ca\/fr\/mortgages\/benefits-of-using-a-mortgage-professional\/#breadcrumb\",\"itemListElement\":[{\"@type\":\"ListItem\",\"position\":1,\"name\":\"Home\",\"item\":\"https:\/\/amitg.ca\/fr\/\"},{\"@type\":\"ListItem\",\"position\":2,\"name\":\"Mortgages\",\"item\":\"https:\/\/amitg.ca\/fr\/mortgages\/\"},{\"@type\":\"ListItem\",\"position\":3,\"name\":\"POURQUOI UTILISER LES SERVICES D\\u2019UN COURTIER HYPOTH\\u00c9CAIRE?\"}]}]}<\/script>\n<!-- \/ Yoast SEO plugin. -->","yoast_head_json":{"robots":{"index":"index","follow":"follow","max-snippet":"max-snippet:-1","max-image-preview":"max-image-preview:large","max-video-preview":"max-video-preview:-1"},"canonical":"https:\/\/amitg.ca\/fr\/mortgages\/benefits-of-using-a-mortgage-professional\/","og_locale":"fr_FR","og_type":"article","og_title":"POURQUOI UTILISER LES SERVICES D\u2019UN COURTIER HYPOTH\u00c9CAIRE? - Centres Hypoth\u00e9caires Dominion","og_description":"Il existe g\u00e9n\u00e9ralement deux fa\u00e7ons d\u2019obtenir un pr\u00eat hypoth\u00e9caire au Canada : aupr\u00e8s d\u2019une institution financi\u00e8re ou aupr\u00e8s d\u2019un courtier hypoth\u00e9caire.","og_url":"https:\/\/amitg.ca\/fr\/mortgages\/benefits-of-using-a-mortgage-professional\/","og_site_name":"Centres Hypoth\u00e9caires Dominion","article_modified_time":"2018-10-16T19:34:43+00:00","og_image":[{"width":1200,"height":611,"url":"https:\/\/amitg.ca\/wp-content\/uploads\/2016\/09\/benefits-of-using-a-mortgage-professional.png","path":"\/var\/www\/sites\/wps\/sites\/code\/wp-content\/uploads\/2016\/09\/benefits-of-using-a-mortgage-professional.png","size":"full","id":503,"alt":"","pixels":733200,"type":"image\/png"}],"twitter_card":"summary","twitter_misc":{"Dur\u00e9e de lecture est.":"1 minute"},"schema":{"@context":"https:\/\/schema.org","@graph":[{"@type":"Organization","@id":"https:\/\/amitg.ca\/#organization","name":"Centres Hypoth\u00e9caires Dominion","url":"https:\/\/amitg.ca\/","sameAs":[],"logo":{"@type":"ImageObject","@id":"https:\/\/amitg.ca\/#logo","inLanguage":"fr-FR","url":"http:\/\/master.wps.dlcserver.com\/wp-content\/uploads\/2017\/01\/vector_DLC1.jpg","contentUrl":"http:\/\/master.wps.dlcserver.com\/wp-content\/uploads\/2017\/01\/vector_DLC1.jpg","width":369,"height":173,"caption":"Centres Hypoth\u00e9caires Dominion"},"image":{"@id":"https:\/\/amitg.ca\/#logo"}},{"@type":"WebSite","@id":"https:\/\/amitg.ca\/#website","url":"https:\/\/amitg.ca\/","name":"Centres Hypoth\u00e9caires Dominion","description":"Just another WordPress site","publisher":{"@id":"https:\/\/amitg.ca\/#organization"},"potentialAction":[{"@type":"SearchAction","target":{"@type":"EntryPoint","urlTemplate":"https:\/\/amitg.ca\/?s={search_term_string}"},"query-input":"required name=search_term_string"}],"inLanguage":"fr-FR"},{"@type":"ImageObject","@id":"https:\/\/amitg.ca\/fr\/mortgages\/benefits-of-using-a-mortgage-professional\/#primaryimage","inLanguage":"fr-FR","url":"https:\/\/amitg.ca\/wp-content\/uploads\/2016\/09\/benefits-of-using-a-mortgage-professional.png","contentUrl":"https:\/\/amitg.ca\/wp-content\/uploads\/2016\/09\/benefits-of-using-a-mortgage-professional.png","width":1200,"height":611},{"@type":"WebPage","@id":"https:\/\/amitg.ca\/fr\/mortgages\/benefits-of-using-a-mortgage-professional\/#webpage","url":"https:\/\/amitg.ca\/fr\/mortgages\/benefits-of-using-a-mortgage-professional\/","name":"POURQUOI UTILISER LES SERVICES D\u2019UN COURTIER HYPOTH\u00c9CAIRE? - Centres Hypoth\u00e9caires Dominion","isPartOf":{"@id":"https:\/\/amitg.ca\/#website"},"primaryImageOfPage":{"@id":"https:\/\/amitg.ca\/fr\/mortgages\/benefits-of-using-a-mortgage-professional\/#primaryimage"},"datePublished":"2016-09-13T18:53:24+00:00","dateModified":"2018-10-16T19:34:43+00:00","breadcrumb":{"@id":"https:\/\/amitg.ca\/fr\/mortgages\/benefits-of-using-a-mortgage-professional\/#breadcrumb"},"inLanguage":"fr-FR","potentialAction":[{"@type":"ReadAction","target":["https:\/\/amitg.ca\/fr\/mortgages\/benefits-of-using-a-mortgage-professional\/"]}]},{"@type":"BreadcrumbList","@id":"https:\/\/amitg.ca\/fr\/mortgages\/benefits-of-using-a-mortgage-professional\/#breadcrumb","itemListElement":[{"@type":"ListItem","position":1,"name":"Home","item":"https:\/\/amitg.ca\/fr\/"},{"@type":"ListItem","position":2,"name":"Mortgages","item":"https:\/\/amitg.ca\/fr\/mortgages\/"},{"@type":"ListItem","position":3,"name":"POURQUOI UTILISER LES SERVICES D\u2019UN COURTIER HYPOTH\u00c9CAIRE?"}]}]}},"_links":{"self":[{"href":"https:\/\/amitg.ca\/fr\/wp-json\/wp\/v2\/pages\/624"}],"collection":[{"href":"https:\/\/amitg.ca\/fr\/wp-json\/wp\/v2\/pages"}],"about":[{"href":"https:\/\/amitg.ca\/fr\/wp-json\/wp\/v2\/types\/page"}],"author":[{"embeddable":true,"href":"https:\/\/amitg.ca\/fr\/wp-json\/wp\/v2\/users\/1"}],"replies":[{"embeddable":true,"href":"https:\/\/amitg.ca\/fr\/wp-json\/wp\/v2\/comments?post=624"}],"version-history":[{"count":3,"href":"https:\/\/amitg.ca\/fr\/wp-json\/wp\/v2\/pages\/624\/revisions"}],"predecessor-version":[{"id":1295,"href":"https:\/\/amitg.ca\/fr\/wp-json\/wp\/v2\/pages\/624\/revisions\/1295"}],"up":[{"embeddable":true,"href":"https:\/\/amitg.ca\/fr\/wp-json\/wp\/v2\/pages\/629"}],"wp:featuredmedia":[{"embeddable":true,"href":"https:\/\/amitg.ca\/fr\/wp-json\/wp\/v2\/media\/503"}],"wp:attachment":[{"href":"https:\/\/amitg.ca\/fr\/wp-json\/wp\/v2\/media?parent=624"}],"curies":[{"name":"wp","href":"https:\/\/api.w.org\/{rel}","templated":true}]}}